{"id":166,"date":"2024-06-10T16:34:24","date_gmt":"2024-06-10T19:34:24","guid":{"rendered":"http:\/\/ec2-177-71-164-30.sa-east-1.compute.amazonaws.com:8880\/?page_id=166"},"modified":"2025-06-16T09:46:25","modified_gmt":"2025-06-16T12:46:25","slug":"laboratorios-e-pesquisa-experimental","status":"publish","type":"page","link":"https:\/\/pesquisa.iephsl.org.br\/en\/laboratorios-e-pesquisa-experimental\/","title":{"rendered":"Research Laboratories"},"content":{"rendered":"<div class=\"wp-block-group\"><div class=\"wp-block-group__inner-container is-layout-constrained wp-block-group-is-layout-constrained\">\n<p style=\"text-align: justify;\">As part of a strategic decision, HSL created an integrated research laboratory infrastructure that is both multidisciplinary and multi-user. This approach prevents equipment duplication, optimizes space and the use of maintenance resources, and promotes a collaborative and integrated research atmosphere. The laboratories are equipped to execute research protocols with quality, safety, and efficiency.<\/p>\n<p style=\"text-align: justify;\">The laboratories are available to all students and researchers at the institution and are used to develop research projects in all of our areas of focus. The labs also serve students and researchers from national and international universities and research centers, as well as meeting the needs of other areas within the Institution, including the S\u00edrio-Liban\u00eas College.<\/p>\n<p style=\"text-align: justify;\">There are a total of 5 laboratories, which together occupy approximately 600 square meters.<\/p>\n<ul>\n<li>\n<h4>Laboratory of Genomics Applied to Health (LGAS)<\/h4>\n<\/li>\n<\/ul>\n<ol>\n<li style=\"list-style-type: none;\">\n<ol>The main focus of LGAS is the identification of genetic and epigenetic changes associated with molecular mechanisms of response, primary and acquired resistance to cancer treatment. It also focuses on detecting molecular biomarkers to define diagnosis, prognosis, and therapeutic management for chronic, infectious, and degenerative diseases.<\/ol>\n<\/li>\n<\/ol>\n<ul>\n<li>\n<h4>Laboratory of Bioinformatics Applied to Health (LBAS)<\/h4>\n<\/li>\n<\/ul>\n<ol>\n<li style=\"list-style-type: none;\">\n<ol>The LBAS is dedicated to unraveling biological complexities through genomic and transcriptomic analysis, applying innovative computational approaches to understand the molecular basis of different pathologies.<\/ol>\n<\/li>\n<\/ol>\n<ul>\n<li>\n<h4>Laboratory of Cell Biology Applied to Health (LBCAS)<\/h4>\n<\/li>\n<\/ul>\n<ol>\n<li style=\"list-style-type: none;\">\n<ol>The LBCAS focuses on developing studies that aim to understand the functional effects of genetic and epigenetic changes in the pathophysiology of chronic and degenerative diseases. It also works to establish patient-specific platforms for assessing sensitivity to different drugs.<\/ol>\n<\/li>\n<\/ol>\n<ul>\n<li>\n<h4>Laboratory of Immunology Applied to Health (LIAS)<\/h4>\n<\/li>\n<\/ul>\n<ol>\n<li style=\"list-style-type: none;\">\n<ol>The LIAS aims to uncover the role of the immune system and the inflammatory response in critically ill patients and those with chronic and degenerative diseases. This enables the development of new diagnostic and treatment methods for such pathologies.<\/ol>\n<\/li>\n<\/ol>\n<ul>\n<li>\n<h4>Laborat\u00f3rio de Experimenta\u00e7\u00e3o Animal Aplicada \u00e0 Sa\u00fade (LEAAS)<\/h4>\n<\/li>\n<\/ul>\n<ol>\n<li style=\"list-style-type: none;\">\n<ol>The LEAAS explores the pathophysiological mechanisms associated with infectious, chronic, and neurodegenerative diseases using experimental models with rodents and swine. It also focuses on developing and improving innovative techniques that can guide therapeutic interventions to be more effective, less invasive, and less debilitating for patients.<\/ol>\n<\/li>\n<\/ol>\n<p><b>Principal Investigators:<\/b><\/p>\n<p><span style=\"font-weight: 400;\">Dra. Anamaria Aranha Camargo<\/span><\/p>\n<p><span style=\"font-weight: 400;\">Dra. Cibele Masotti<\/span><\/p>\n<p><span style=\"font-weight: 400;\">Dra. Fabiana Bettoni<\/span><\/p>\n<p><span style=\"font-weight: 400;\">Dr. \u00c9rico Tosoni Costa<\/span><\/p>\n<p><span style=\"font-weight: 400;\">Dra. Mariane Tami Amano<\/span><\/p>\n<p><span style=\"font-weight: 400;\">Dr. Pedro A.F. Galante<\/span><\/p>\n<p><span style=\"font-weight: 400;\">Dra. Rosana de Lima Pagano<\/span><\/p>\n<p>\u00a0<\/p>\n<p><b>Research Supervisor, Technicians, and Analysts:<\/b><\/p>\n<p><span style=\"font-weight: 400;\">Amanda Rafaela A. Canteli (Senior Laboratory Technician)<\/span><\/p>\n<p><span style=\"font-weight: 400;\">Daniel de Oliveira Martins (Full Laboratory Analyst)<\/span><\/p>\n<p><span style=\"font-weight: 400;\">Daniel Takatori Ohara (Systems Administrator)<\/span><\/p>\n<p><span style=\"font-weight: 400;\">Elis\u00e2ngela Monteiro Coser (Research Supervisor)<\/span><\/p>\n<p><span style=\"font-weight: 400;\">Ernande Xavier dos Santos (Laboratory Analyst)<\/span><\/p>\n<p><span style=\"font-weight: 400;\">Izabel Costa Carneiro (Full Laboratory Technician)<\/span><\/p>\n<p><span style=\"font-weight: 400;\">Lilian Tieme Inoue (Senior Research Analyst)<\/span><\/p>\n<p>\u00a0<\/p>\n<p><b>Contact:<\/b><\/p>\n<p><span style=\"font-weight: 400;\">Elis\u00e2ngela Monteiro Coser (Research Supervisor)<\/span><\/p>\n<p><a href=\"mailto:elisangela.mcoser@hsl.org.br\"><span style=\"font-weight: 400;\">elisangela.mcoser@hsl.org.br<\/span><\/a><\/p>\n<p><span style=\"font-weight: 400;\">(11) 3394- 4159<\/span><\/p>\n<\/div><\/div>","protected":false},"excerpt":{"rendered":"<p>Como parte de uma decis\u00e3o estrat\u00e9gica, o HSL criou uma infraestrutura integrada de laborat\u00f3rios de pesquisa de car\u00e1ter multidisciplinar e multiusu\u00e1rio. Essa abordagem evita a duplica\u00e7\u00e3o de equipamentos, otimiza o espa\u00e7o e o uso de recursos para manuten\u00e7\u00e3o e promove uma atmosfera de pesquisa colaborativa e integrada. Os laborat\u00f3rios s\u00e3o equipados para execu\u00e7\u00e3o de protocolos [&hellip;]<\/p>","protected":false},"author":1,"featured_media":0,"parent":0,"menu_order":0,"comment_status":"closed","ping_status":"closed","template":"","meta":{"footnotes":""},"class_list":["post-166","page","type-page","status-publish","hentry"],"yoast_head":"<!-- This site is optimized with the Yoast SEO plugin v25.2 - https:\/\/yoast.com\/wordpress\/plugins\/seo\/ -->\n<title>Laborat\u00f3rios de Pesquisa - Instituto de Ensino e Pesquisa<\/title>\n<meta name=\"robots\" content=\"index, follow, max-snippet:-1, max-image-preview:large, max-video-preview:-1\" \/>\n<link rel=\"canonical\" href=\"https:\/\/pesquisa.iephsl.org.br\/en\/laboratorios-e-pesquisa-experimental\/\" \/>\n<meta property=\"og:locale\" content=\"en_US\" \/>\n<meta property=\"og:type\" content=\"article\" \/>\n<meta property=\"og:title\" content=\"Laborat\u00f3rios de Pesquisa - Instituto de Ensino e Pesquisa\" \/>\n<meta property=\"og:description\" content=\"Como parte de uma decis\u00e3o estrat\u00e9gica, o HSL criou uma infraestrutura integrada de laborat\u00f3rios de pesquisa de car\u00e1ter multidisciplinar e multiusu\u00e1rio. Essa abordagem evita a duplica\u00e7\u00e3o de equipamentos, otimiza o espa\u00e7o e o uso de recursos para manuten\u00e7\u00e3o e promove uma atmosfera de pesquisa colaborativa e integrada. Os laborat\u00f3rios s\u00e3o equipados para execu\u00e7\u00e3o de protocolos [&hellip;]\" \/>\n<meta property=\"og:url\" content=\"https:\/\/pesquisa.iephsl.org.br\/en\/laboratorios-e-pesquisa-experimental\/\" \/>\n<meta property=\"og:site_name\" content=\"Instituto de Ensino e Pesquisa\" \/>\n<meta property=\"article:modified_time\" content=\"2025-06-16T12:46:25+00:00\" \/>\n<meta name=\"twitter:card\" content=\"summary_large_image\" \/>\n<meta name=\"twitter:label1\" content=\"Est. reading time\" \/>\n\t<meta name=\"twitter:data1\" content=\"3 minutes\" \/>\n<script type=\"application\/ld+json\" class=\"yoast-schema-graph\">{\"@context\":\"https:\/\/schema.org\",\"@graph\":[{\"@type\":\"WebPage\",\"@id\":\"https:\/\/pesquisa.iephsl.org.br\/laboratorios-e-pesquisa-experimental\/\",\"url\":\"https:\/\/pesquisa.iephsl.org.br\/laboratorios-e-pesquisa-experimental\/\",\"name\":\"Laborat\u00f3rios de Pesquisa - Instituto de Ensino e Pesquisa\",\"isPartOf\":{\"@id\":\"https:\/\/pesquisa.iephsl.org.br\/#website\"},\"datePublished\":\"2024-06-10T19:34:24+00:00\",\"dateModified\":\"2025-06-16T12:46:25+00:00\",\"breadcrumb\":{\"@id\":\"https:\/\/pesquisa.iephsl.org.br\/laboratorios-e-pesquisa-experimental\/#breadcrumb\"},\"inLanguage\":\"en-US\",\"potentialAction\":[{\"@type\":\"ReadAction\",\"target\":[\"https:\/\/pesquisa.iephsl.org.br\/laboratorios-e-pesquisa-experimental\/\"]}]},{\"@type\":\"BreadcrumbList\",\"@id\":\"https:\/\/pesquisa.iephsl.org.br\/laboratorios-e-pesquisa-experimental\/#breadcrumb\",\"itemListElement\":[{\"@type\":\"ListItem\",\"position\":1,\"name\":\"Home\",\"item\":\"https:\/\/pesquisa.iephsl.org.br\/\"},{\"@type\":\"ListItem\",\"position\":2,\"name\":\"Laborat\u00f3rios de Pesquisa\"}]},{\"@type\":\"WebSite\",\"@id\":\"https:\/\/pesquisa.iephsl.org.br\/#website\",\"url\":\"https:\/\/pesquisa.iephsl.org.br\/\",\"name\":\"Instituto de Ensino e Pesquisa\",\"description\":\"Site de Ensino e Pesquisa do Hospital Sirio Libanes\",\"publisher\":{\"@id\":\"https:\/\/pesquisa.iephsl.org.br\/#organization\"},\"potentialAction\":[{\"@type\":\"SearchAction\",\"target\":{\"@type\":\"EntryPoint\",\"urlTemplate\":\"https:\/\/pesquisa.iephsl.org.br\/?s={search_term_string}\"},\"query-input\":{\"@type\":\"PropertyValueSpecification\",\"valueRequired\":true,\"valueName\":\"search_term_string\"}}],\"inLanguage\":\"en-US\"},{\"@type\":\"Organization\",\"@id\":\"https:\/\/pesquisa.iephsl.org.br\/#organization\",\"name\":\"Hospital Sirio Libanes\",\"url\":\"https:\/\/pesquisa.iephsl.org.br\/\",\"logo\":{\"@type\":\"ImageObject\",\"inLanguage\":\"en-US\",\"@id\":\"https:\/\/pesquisa.iephsl.org.br\/#\/schema\/logo\/image\/\",\"url\":\"https:\/\/pesquisa.iephsl.org.br\/wp-content\/uploads\/2024\/05\/Inscricoes-abertas-para-Residencia-para-o-Hospital-Sirio-Libanes-e1715890822753.jpg\",\"contentUrl\":\"https:\/\/pesquisa.iephsl.org.br\/wp-content\/uploads\/2024\/05\/Inscricoes-abertas-para-Residencia-para-o-Hospital-Sirio-Libanes-e1715890822753.jpg\",\"width\":752,\"height\":244,\"caption\":\"Hospital Sirio Libanes\"},\"image\":{\"@id\":\"https:\/\/pesquisa.iephsl.org.br\/#\/schema\/logo\/image\/\"}}]}<\/script>\n<!-- \/ Yoast SEO plugin. -->","yoast_head_json":{"title":"Laborat\u00f3rios de Pesquisa - Instituto de Ensino e Pesquisa","robots":{"index":"index","follow":"follow","max-snippet":"max-snippet:-1","max-image-preview":"max-image-preview:large","max-video-preview":"max-video-preview:-1"},"canonical":"https:\/\/pesquisa.iephsl.org.br\/en\/laboratorios-e-pesquisa-experimental\/","og_locale":"en_US","og_type":"article","og_title":"Laborat\u00f3rios de Pesquisa - Instituto de Ensino e Pesquisa","og_description":"Como parte de uma decis\u00e3o estrat\u00e9gica, o HSL criou uma infraestrutura integrada de laborat\u00f3rios de pesquisa de car\u00e1ter multidisciplinar e multiusu\u00e1rio. Essa abordagem evita a duplica\u00e7\u00e3o de equipamentos, otimiza o espa\u00e7o e o uso de recursos para manuten\u00e7\u00e3o e promove uma atmosfera de pesquisa colaborativa e integrada. Os laborat\u00f3rios s\u00e3o equipados para execu\u00e7\u00e3o de protocolos [&hellip;]","og_url":"https:\/\/pesquisa.iephsl.org.br\/en\/laboratorios-e-pesquisa-experimental\/","og_site_name":"Instituto de Ensino e Pesquisa","article_modified_time":"2025-06-16T12:46:25+00:00","twitter_card":"summary_large_image","twitter_misc":{"Est. reading time":"3 minutes"},"schema":{"@context":"https:\/\/schema.org","@graph":[{"@type":"WebPage","@id":"https:\/\/pesquisa.iephsl.org.br\/laboratorios-e-pesquisa-experimental\/","url":"https:\/\/pesquisa.iephsl.org.br\/laboratorios-e-pesquisa-experimental\/","name":"Laborat\u00f3rios de Pesquisa - Instituto de Ensino e Pesquisa","isPartOf":{"@id":"https:\/\/pesquisa.iephsl.org.br\/#website"},"datePublished":"2024-06-10T19:34:24+00:00","dateModified":"2025-06-16T12:46:25+00:00","breadcrumb":{"@id":"https:\/\/pesquisa.iephsl.org.br\/laboratorios-e-pesquisa-experimental\/#breadcrumb"},"inLanguage":"en-US","potentialAction":[{"@type":"ReadAction","target":["https:\/\/pesquisa.iephsl.org.br\/laboratorios-e-pesquisa-experimental\/"]}]},{"@type":"BreadcrumbList","@id":"https:\/\/pesquisa.iephsl.org.br\/laboratorios-e-pesquisa-experimental\/#breadcrumb","itemListElement":[{"@type":"ListItem","position":1,"name":"Home","item":"https:\/\/pesquisa.iephsl.org.br\/"},{"@type":"ListItem","position":2,"name":"Laborat\u00f3rios de Pesquisa"}]},{"@type":"WebSite","@id":"https:\/\/pesquisa.iephsl.org.br\/#website","url":"https:\/\/pesquisa.iephsl.org.br\/","name":"Instituto de Ensino e Pesquisa","description":"Site de Ensino e Pesquisa do Hospital Sirio Libanes","publisher":{"@id":"https:\/\/pesquisa.iephsl.org.br\/#organization"},"potentialAction":[{"@type":"SearchAction","target":{"@type":"EntryPoint","urlTemplate":"https:\/\/pesquisa.iephsl.org.br\/?s={search_term_string}"},"query-input":{"@type":"PropertyValueSpecification","valueRequired":true,"valueName":"search_term_string"}}],"inLanguage":"en-US"},{"@type":"Organization","@id":"https:\/\/pesquisa.iephsl.org.br\/#organization","name":"Hospital Sirio Libanes","url":"https:\/\/pesquisa.iephsl.org.br\/","logo":{"@type":"ImageObject","inLanguage":"en-US","@id":"https:\/\/pesquisa.iephsl.org.br\/#\/schema\/logo\/image\/","url":"https:\/\/pesquisa.iephsl.org.br\/wp-content\/uploads\/2024\/05\/Inscricoes-abertas-para-Residencia-para-o-Hospital-Sirio-Libanes-e1715890822753.jpg","contentUrl":"https:\/\/pesquisa.iephsl.org.br\/wp-content\/uploads\/2024\/05\/Inscricoes-abertas-para-Residencia-para-o-Hospital-Sirio-Libanes-e1715890822753.jpg","width":752,"height":244,"caption":"Hospital Sirio Libanes"},"image":{"@id":"https:\/\/pesquisa.iephsl.org.br\/#\/schema\/logo\/image\/"}}]}},"_links":{"self":[{"href":"https:\/\/pesquisa.iephsl.org.br\/en\/wp-json\/wp\/v2\/pages\/166","targetHints":{"allow":["GET"]}}],"collection":[{"href":"https:\/\/pesquisa.iephsl.org.br\/en\/wp-json\/wp\/v2\/pages"}],"about":[{"href":"https:\/\/pesquisa.iephsl.org.br\/en\/wp-json\/wp\/v2\/types\/page"}],"author":[{"embeddable":true,"href":"https:\/\/pesquisa.iephsl.org.br\/en\/wp-json\/wp\/v2\/users\/1"}],"replies":[{"embeddable":true,"href":"https:\/\/pesquisa.iephsl.org.br\/en\/wp-json\/wp\/v2\/comments?post=166"}],"version-history":[{"count":5,"href":"https:\/\/pesquisa.iephsl.org.br\/en\/wp-json\/wp\/v2\/pages\/166\/revisions"}],"predecessor-version":[{"id":497,"href":"https:\/\/pesquisa.iephsl.org.br\/en\/wp-json\/wp\/v2\/pages\/166\/revisions\/497"}],"wp:attachment":[{"href":"https:\/\/pesquisa.iephsl.org.br\/en\/wp-json\/wp\/v2\/media?parent=166"}],"curies":[{"name":"wp","href":"https:\/\/api.w.org\/{rel}","templated":true}]}}