{"id":169,"date":"2024-06-10T16:40:54","date_gmt":"2024-06-10T19:40:54","guid":{"rendered":"http:\/\/ec2-177-71-164-30.sa-east-1.compute.amazonaws.com:8880\/?page_id=169"},"modified":"2026-04-06T09:26:40","modified_gmt":"2026-04-06T12:26:40","slug":"programa-de-iniciacao-cientifica","status":"publish","type":"page","link":"https:\/\/pesquisa.iephsl.org.br\/en\/pos-graduacao-ic\/programa-de-iniciacao-cientifica\/","title":{"rendered":"Scientific Initiation"},"content":{"rendered":"<h2 class=\"wp-block-heading\" id=\"oprograma\">The Program<\/h2>\n\n\n\n<p>\n<div style=\"text-align:justify;  line-height: 1.6; font-size: 18px;\">\nThe Scientific Initiation Program was created in 2013 and is part of the pathway for training new researchers at Hospital S\u00edrio-Liban\u00eas. It is a free program open to students regularly enrolled in undergraduate courses at public or private higher education institutions. The program provides undergraduate students with an understanding of the scientific method and fundamental concepts for knowledge production through the development of a research project under the guidance of a faculty member from our Stricto Sensu Graduate Program.\u00a0\n<br><br>\nThe program encourages greater integration between undergraduate and graduate studies, as well as the involvement of clinical and care staff in research activities and human resource training in the health field. We conduct research in three major areas of concentration: applied research in surgery and regenerative medicine, applied research in intensive care medicine and rehabilitation, and applied research in oncology. The program's strengths include its interdisciplinary nature, the availability of a comprehensive infrastructure, exposure to a clinical care environment, and the opportunity to interact with highly qualified professionals.\n<\/div>\n<\/p>\n\n\n\n<h2 class=\"wp-block-heading\" id=\"processoseletivo\">Admission Process<\/h2>\n\n\n\n<p>\n<div style=\"text-align:justify;  line-height: 1.6; font-size: 18px;\">\nTo join the Scientific Initiation Program, candidates must identify an area of concentration that interests them, find a faculty member who works in that area, and check their availability to supervise the development of a research project. The admission of new students occurs on a rolling basis upon the submission of an acceptance letter from the supervisor, a research project proposal, and personal documents to the Academic Secretariat of the S\u00edrio-Liban\u00eas Institute for Education and Research \u2013 Researcher Training Programs Sector. After the selection and definition of the research project, the scientific initiation student gains access to the necessary facilities at the Hospital and the Institute for Education and Research to develop their project. Students are evaluated annually by a committee composed of researchers from the Institution and external researchers. The evaluation consists of presenting the research project and the results obtained to the evaluation committee. The student's academic performance is also evaluated through their academic transcript, participation in events, and the preparation of scientific articles.\n<\/div>\n<\/p>\n\n\n\n<h2 class=\"wp-block-heading\" id=\"bolsasdeestudo\">Scholarships<\/h2>\n\n\n\n<p>\n<div style=\"text-align:justify;  line-height: 1.6; font-size: 18px;\">\nThe Scientific Initiation Program can be done on a voluntary basis, without receiving a research scholarship. However, there are several scholarship options available from different sources. Our institution currently has 10 scholarships granted by the CNPq through the PIBIC program. Calls for scholarship selection open at the beginning of each academic semester, depending on the number of available scholarships. Additionally, the S\u00e3o Paulo Research Foundation (FAPESP) reviews applications for Scientific Initiation scholarships on a rolling basis, and the student and their supervisor can submit the scholarship application directly through FAPESP's SAGE system.\n<\/div>\n<\/p>\n\n\n\n<h2 class=\"wp-block-heading\" id=\"editais\">Public Notices<\/h2>\n\n\n\n<a class=\"toggle-link\" data-target=\"div-2023\" href=\"#\">2023<\/a>\n<div id=\"div-2023\" class=\"toggle-div\" style=\"display:none;\">\n<a href=\"https:\/\/bioinfohsl-tools.s3.us-east-1.amazonaws.com\/website-pesquisa\/Edital_Bolsa+PIBIC+2023.1.pdf\" target=\"_blank\">Edital_Bolsa PIBIC 2023.1<\/a><br>\n<a href=\"https:\/\/bioinfohsl-tools.s3.us-east-1.amazonaws.com\/website-pesquisa\/Edital_Bolsa+PIBIC+2023.2.pdf\" target=\"_blank\">Edital_Bolsa PIBIC 2023.2<\/a><br>\n<a href=\"https:\/\/bioinfohsl-tools.s3.us-east-1.amazonaws.com\/website-pesquisa\/Lista+de+Aprovados_Bolsa+PIBIC+2023.1.pdf\" target=\"_blank\">Lista de Aprovados_Bolsa PIBIC 2023.1<\/a><br>\n<a href=\"https:\/\/bioinfohsl-tools.s3.us-east-1.amazonaws.com\/website-pesquisa\/Lista+de+Aprovados_Bolsa+PIBIC+2023.2.pdf\" target=\"_blank\">Lista de Aprovados_Bolsa PIBIC 2023.2<\/a>\n<\/div>\n<br>\n<a class=\"toggle-link\" data-target=\"div-2024\" href=\"#\">2024<\/a>\n<div id=\"div-2024\" class=\"toggle-div\" style=\"display:none;\">\n<a href=\"https:\/\/bioinfohsl-tools.s3.us-east-1.amazonaws.com\/website-pesquisa\/Edital_Bolsa+PIBIC+2024.1_Remanescentes.pdf\" target=\"_blank\">Edital_Bolsa PIBIC 2024.1_Remanescentes<\/a><br>\n<a href=\"https:\/\/bioinfohsl-tools.s3.us-east-1.amazonaws.com\/website-pesquisa\/Edital_Bolsa+PIBIC+2024.1.pdf\" target=\"_blank\">Edital_Bolsa PIBIC 2024.1<\/a><br>\n<a href=\"https:\/\/bioinfohsl-tools.s3.us-east-1.amazonaws.com\/website-pesquisa\/Edital_Bolsa+PIBIC+2024.2_Remanescentes.pdf\" target=\"_blank\">Edital_Bolsa PIBIC 2024.2_Remanescentes<\/a><br>\n<a href=\"https:\/\/bioinfohsl-tools.s3.us-east-1.amazonaws.com\/website-pesquisa\/Edital_Bolsa+PIBIC+2024.2.pdf\" target=\"_blank\">Edital_Bolsa PIBIC 2024.2<\/a><br>\n<a href=\"https:\/\/bioinfohsl-tools.s3.us-east-1.amazonaws.com\/website-pesquisa\/Lista+de+Aprovados_Bolsa+PIBIC+2024.1_Remanescentes.pdf\" target=\"_blank\">Lista de Aprovados_Bolsa PIBIC 2024.1_Remanescentes<\/a><br>\n<a href=\"https:\/\/bioinfohsl-tools.s3.us-east-1.amazonaws.com\/website-pesquisa\/Lista+de+Aprovados_Bolsa+PIBIC+2024.1.pdf\" target=\"_blank\">Lista de Aprovados_Bolsa PIBIC 2024.1<\/a><br>\n<a href=\"https:\/\/bioinfohsl-tools.s3.us-east-1.amazonaws.com\/website-pesquisa\/Lista+de+Aprovados_Bolsa+PIBIC+2024.2_Remanescentes.pdf\" target=\"_blank\">Lista de Aprovados_Bolsa PIBIC 2024.2_Remanescentes<\/a><br>\n<a href=\"https:\/\/bioinfohsl-tools.s3.us-east-1.amazonaws.com\/website-pesquisa\/Lista+de+Aprovados_Bolsa+PIBIC+2024.2.pdf\" target=\"_blank\">Lista de Aprovados_Bolsa PIBIC 2024.2<\/a>\n<\/div><br>\n<a class=\"toggle-link\" data-target=\"div-2025\" href=\"#\">2025<\/a>\n<div id=\"div-2025\" class=\"toggle-div\" style=\"display:none;\">\n<a href=\"https:\/\/bioinfohsl-tools.s3.us-east-1.amazonaws.com\/website-pesquisa\/Edital_Bolsa+PIBIC+2025.1.pdf\" target=\"_blank\">Edital_Bolsa PIBIC 2025.1<\/a><br>\n<a href=\"https:\/\/bioinfohsl-tools.s3.us-east-1.amazonaws.com\/website-pesquisa\/Lista+de+Aprovados_Bolsa+PIBIC+2025.1.pdf\" target=\"_blank\">Lista de Aprovados_Bolsa PIBIC 2025.1<\/a><br>\n<a href=\"https:\/\/bioinfohsl-tools.s3.us-east-1.amazonaws.com\/website-pesquisa\/Edital_Bolsa+PIBIC+2025.2.pdf\" target=\"_blank\">Edital_Bolsa PIBIC 2025.2<\/a><br>\n<a href=\"https:\/\/bioinfohsl-tools.s3.us-east-1.amazonaws.com\/website-pesquisa\/Lista+de+Aprovados_Bolsa+PIBIC+2025.2.pdf\" target=\"_blank\">Lista de Aprovados_Bolsa PIBIC 2025.2<\/a><br>\n<\/div><br>\n\n<a class=\"toggle-link\" data-target=\"div-2026\" href=\"#\">2026<\/a>\n<div id=\"div-2026\" class=\"toggle-div\" style=\"display:none;\">\n<a href=\"https:\/\/bioinfohsl-tools.s3.us-east-1.amazonaws.com\/website-pesquisa\/Edital_Bolsa+PIBIC+2026.1.pdf\" target=\"_blank\">Edital_Bolsa PIBIC 2026.1<\/a><br>\n<a href=\"https:\/\/bioinfohsl-tools.s3.us-east-1.amazonaws.com\/website-pesquisa\/Lista+de+Aprovados_Bolsa+PIBIC+2026.1.pdf\" target=\"_blank\">Lista de Aprovados_Bolsa PIBIC 2026.1<\/a><br>\n<a href=\"https:\/\/bioinfohsl-tools.s3.us-east-1.amazonaws.com\/website-pesquisa\/Edital2_Bolsa+PIBIC+2026.1.pdf\" target=\"_blank\">Edital2_Bolsa PIBIC 2026.1<\/a><br>\n<a href=\"https:\/\/bioinfohsl-tools.s3.us-east-1.amazonaws.com\/website-pesquisa\/Resultado+do+Edital+PIBIC+2026+1+2.pdf\" target=\"_blank\">Resultado do Edital PIBIC 2026 1 2<\/a><br>\n\n<\/div><br>\n\n<script>\n  document.querySelectorAll('.toggle-link').forEach(link => {\n    link.addEventListener('click', function(e) {\n      e.preventDefault();\n      const targetId = this.getAttribute('data-target');\n      const targetDiv = document.getElementById(targetId);\n      console.log(targetId);\n      console.log(targetDiv);\n      if (targetDiv.style.display === 'none' || targetDiv.style.display === '') {\n        targetDiv.style.display = 'block';\n      } else {\n        targetDiv.style.display = 'none';\n      }\n    });\n  });\n<\/script>\n\n\n\n<h2 class=\"wp-block-heading\" id=\"secretaria\">Academic Secretariat<\/h2>\n\n\n\n<p>\n<div style=\"text-align:justify;  line-height: 1.6; font-size: 18px;\">\n69 Professor Daher Cutait Street, Block D, 7th Basement Floor<br>\nPhone: +55 11 3394-4499<br>\ne-mail:\u00a0 <a href=\"mailto:posgraduacao@hsl.org.br\">posgraduacao @ hsl . org . br<\/a><br>\nBusiness hours: Monday to Friday, from 8 AM to 5 PM.<br>\n<\/div>\n<\/p>","protected":false},"excerpt":{"rendered":"<p>O Programa O Programa de Inicia\u00e7\u00e3o Cient\u00edfica foi criado em 2013 e faz parte da trilha de forma\u00e7\u00e3o de novos pesquisadores do Hospital S\u00edrio-Liban\u00eas. \u00c9 um programa gratuito e aberto a alunos regularmente matriculados em cursos de gradua\u00e7\u00e3o de Institui\u00e7\u00f5es de Ensino Superior p\u00fablicas ou privadas. O programa propicia aos alunos de gradua\u00e7\u00e3o a aprendizagem [&hellip;]<\/p>","protected":false},"author":1,"featured_media":0,"parent":70,"menu_order":0,"comment_status":"closed","ping_status":"closed","template":"page-templates\/template_ic.php","meta":{"footnotes":""},"class_list":["post-169","page","type-page","status-publish","hentry"],"yoast_head":"<!-- This site is optimized with the Yoast SEO plugin v25.2 - https:\/\/yoast.com\/wordpress\/plugins\/seo\/ -->\n<title>Inicia\u00e7\u00e3o Cient\u00edfica - Instituto de Ensino e Pesquisa<\/title>\n<meta name=\"robots\" content=\"index, follow, max-snippet:-1, max-image-preview:large, max-video-preview:-1\" \/>\n<link rel=\"canonical\" href=\"https:\/\/pesquisa.iephsl.org.br\/en\/pos-graduacao-ic\/programa-de-iniciacao-cientifica\/\" \/>\n<meta property=\"og:locale\" content=\"en_US\" \/>\n<meta property=\"og:type\" content=\"article\" \/>\n<meta property=\"og:title\" content=\"Inicia\u00e7\u00e3o Cient\u00edfica - Instituto de Ensino e Pesquisa\" \/>\n<meta property=\"og:description\" content=\"O Programa O Programa de Inicia\u00e7\u00e3o Cient\u00edfica foi criado em 2013 e faz parte da trilha de forma\u00e7\u00e3o de novos pesquisadores do Hospital S\u00edrio-Liban\u00eas. \u00c9 um programa gratuito e aberto a alunos regularmente matriculados em cursos de gradua\u00e7\u00e3o de Institui\u00e7\u00f5es de Ensino Superior p\u00fablicas ou privadas. O programa propicia aos alunos de gradua\u00e7\u00e3o a aprendizagem [&hellip;]\" \/>\n<meta property=\"og:url\" content=\"https:\/\/pesquisa.iephsl.org.br\/en\/pos-graduacao-ic\/programa-de-iniciacao-cientifica\/\" \/>\n<meta property=\"og:site_name\" content=\"Instituto de Ensino e Pesquisa\" \/>\n<meta property=\"article:modified_time\" content=\"2026-04-06T12:26:40+00:00\" \/>\n<meta name=\"twitter:card\" content=\"summary_large_image\" \/>\n<meta name=\"twitter:label1\" content=\"Est. reading time\" \/>\n\t<meta name=\"twitter:data1\" content=\"3 minutes\" \/>\n<script type=\"application\/ld+json\" class=\"yoast-schema-graph\">{\"@context\":\"https:\/\/schema.org\",\"@graph\":[{\"@type\":\"WebPage\",\"@id\":\"https:\/\/pesquisa.iephsl.org.br\/pos-graduacao-ic\/programa-de-iniciacao-cientifica\/\",\"url\":\"https:\/\/pesquisa.iephsl.org.br\/pos-graduacao-ic\/programa-de-iniciacao-cientifica\/\",\"name\":\"Inicia\u00e7\u00e3o Cient\u00edfica - Instituto de Ensino e Pesquisa\",\"isPartOf\":{\"@id\":\"https:\/\/pesquisa.iephsl.org.br\/#website\"},\"datePublished\":\"2024-06-10T19:40:54+00:00\",\"dateModified\":\"2026-04-06T12:26:40+00:00\",\"breadcrumb\":{\"@id\":\"https:\/\/pesquisa.iephsl.org.br\/pos-graduacao-ic\/programa-de-iniciacao-cientifica\/#breadcrumb\"},\"inLanguage\":\"en-US\",\"potentialAction\":[{\"@type\":\"ReadAction\",\"target\":[\"https:\/\/pesquisa.iephsl.org.br\/pos-graduacao-ic\/programa-de-iniciacao-cientifica\/\"]}]},{\"@type\":\"BreadcrumbList\",\"@id\":\"https:\/\/pesquisa.iephsl.org.br\/pos-graduacao-ic\/programa-de-iniciacao-cientifica\/#breadcrumb\",\"itemListElement\":[{\"@type\":\"ListItem\",\"position\":1,\"name\":\"Home\",\"item\":\"https:\/\/pesquisa.iephsl.org.br\/\"},{\"@type\":\"ListItem\",\"position\":2,\"name\":\"P\u00f3s Gradua\u00e7\u00e3o &#038; IC\",\"item\":\"https:\/\/pesquisa.iephsl.org.br\/pos-graduacao-ic\/\"},{\"@type\":\"ListItem\",\"position\":3,\"name\":\"Inicia\u00e7\u00e3o Cient\u00edfica\"}]},{\"@type\":\"WebSite\",\"@id\":\"https:\/\/pesquisa.iephsl.org.br\/#website\",\"url\":\"https:\/\/pesquisa.iephsl.org.br\/\",\"name\":\"Instituto de Ensino e Pesquisa\",\"description\":\"Site de Ensino e Pesquisa do Hospital Sirio Libanes\",\"publisher\":{\"@id\":\"https:\/\/pesquisa.iephsl.org.br\/#organization\"},\"potentialAction\":[{\"@type\":\"SearchAction\",\"target\":{\"@type\":\"EntryPoint\",\"urlTemplate\":\"https:\/\/pesquisa.iephsl.org.br\/?s={search_term_string}\"},\"query-input\":{\"@type\":\"PropertyValueSpecification\",\"valueRequired\":true,\"valueName\":\"search_term_string\"}}],\"inLanguage\":\"en-US\"},{\"@type\":\"Organization\",\"@id\":\"https:\/\/pesquisa.iephsl.org.br\/#organization\",\"name\":\"Hospital Sirio Libanes\",\"url\":\"https:\/\/pesquisa.iephsl.org.br\/\",\"logo\":{\"@type\":\"ImageObject\",\"inLanguage\":\"en-US\",\"@id\":\"https:\/\/pesquisa.iephsl.org.br\/#\/schema\/logo\/image\/\",\"url\":\"https:\/\/pesquisa.iephsl.org.br\/wp-content\/uploads\/2024\/05\/Inscricoes-abertas-para-Residencia-para-o-Hospital-Sirio-Libanes-e1715890822753.jpg\",\"contentUrl\":\"https:\/\/pesquisa.iephsl.org.br\/wp-content\/uploads\/2024\/05\/Inscricoes-abertas-para-Residencia-para-o-Hospital-Sirio-Libanes-e1715890822753.jpg\",\"width\":752,\"height\":244,\"caption\":\"Hospital Sirio Libanes\"},\"image\":{\"@id\":\"https:\/\/pesquisa.iephsl.org.br\/#\/schema\/logo\/image\/\"}}]}<\/script>\n<!-- \/ Yoast SEO plugin. -->","yoast_head_json":{"title":"Inicia\u00e7\u00e3o Cient\u00edfica - Instituto de Ensino e Pesquisa","robots":{"index":"index","follow":"follow","max-snippet":"max-snippet:-1","max-image-preview":"max-image-preview:large","max-video-preview":"max-video-preview:-1"},"canonical":"https:\/\/pesquisa.iephsl.org.br\/en\/pos-graduacao-ic\/programa-de-iniciacao-cientifica\/","og_locale":"en_US","og_type":"article","og_title":"Inicia\u00e7\u00e3o Cient\u00edfica - Instituto de Ensino e Pesquisa","og_description":"O Programa O Programa de Inicia\u00e7\u00e3o Cient\u00edfica foi criado em 2013 e faz parte da trilha de forma\u00e7\u00e3o de novos pesquisadores do Hospital S\u00edrio-Liban\u00eas. \u00c9 um programa gratuito e aberto a alunos regularmente matriculados em cursos de gradua\u00e7\u00e3o de Institui\u00e7\u00f5es de Ensino Superior p\u00fablicas ou privadas. O programa propicia aos alunos de gradua\u00e7\u00e3o a aprendizagem [&hellip;]","og_url":"https:\/\/pesquisa.iephsl.org.br\/en\/pos-graduacao-ic\/programa-de-iniciacao-cientifica\/","og_site_name":"Instituto de Ensino e Pesquisa","article_modified_time":"2026-04-06T12:26:40+00:00","twitter_card":"summary_large_image","twitter_misc":{"Est. reading time":"3 minutes"},"schema":{"@context":"https:\/\/schema.org","@graph":[{"@type":"WebPage","@id":"https:\/\/pesquisa.iephsl.org.br\/pos-graduacao-ic\/programa-de-iniciacao-cientifica\/","url":"https:\/\/pesquisa.iephsl.org.br\/pos-graduacao-ic\/programa-de-iniciacao-cientifica\/","name":"Inicia\u00e7\u00e3o Cient\u00edfica - Instituto de Ensino e Pesquisa","isPartOf":{"@id":"https:\/\/pesquisa.iephsl.org.br\/#website"},"datePublished":"2024-06-10T19:40:54+00:00","dateModified":"2026-04-06T12:26:40+00:00","breadcrumb":{"@id":"https:\/\/pesquisa.iephsl.org.br\/pos-graduacao-ic\/programa-de-iniciacao-cientifica\/#breadcrumb"},"inLanguage":"en-US","potentialAction":[{"@type":"ReadAction","target":["https:\/\/pesquisa.iephsl.org.br\/pos-graduacao-ic\/programa-de-iniciacao-cientifica\/"]}]},{"@type":"BreadcrumbList","@id":"https:\/\/pesquisa.iephsl.org.br\/pos-graduacao-ic\/programa-de-iniciacao-cientifica\/#breadcrumb","itemListElement":[{"@type":"ListItem","position":1,"name":"Home","item":"https:\/\/pesquisa.iephsl.org.br\/"},{"@type":"ListItem","position":2,"name":"P\u00f3s Gradua\u00e7\u00e3o &#038; IC","item":"https:\/\/pesquisa.iephsl.org.br\/pos-graduacao-ic\/"},{"@type":"ListItem","position":3,"name":"Inicia\u00e7\u00e3o Cient\u00edfica"}]},{"@type":"WebSite","@id":"https:\/\/pesquisa.iephsl.org.br\/#website","url":"https:\/\/pesquisa.iephsl.org.br\/","name":"Instituto de Ensino e Pesquisa","description":"Site de Ensino e Pesquisa do Hospital Sirio Libanes","publisher":{"@id":"https:\/\/pesquisa.iephsl.org.br\/#organization"},"potentialAction":[{"@type":"SearchAction","target":{"@type":"EntryPoint","urlTemplate":"https:\/\/pesquisa.iephsl.org.br\/?s={search_term_string}"},"query-input":{"@type":"PropertyValueSpecification","valueRequired":true,"valueName":"search_term_string"}}],"inLanguage":"en-US"},{"@type":"Organization","@id":"https:\/\/pesquisa.iephsl.org.br\/#organization","name":"Hospital Sirio Libanes","url":"https:\/\/pesquisa.iephsl.org.br\/","logo":{"@type":"ImageObject","inLanguage":"en-US","@id":"https:\/\/pesquisa.iephsl.org.br\/#\/schema\/logo\/image\/","url":"https:\/\/pesquisa.iephsl.org.br\/wp-content\/uploads\/2024\/05\/Inscricoes-abertas-para-Residencia-para-o-Hospital-Sirio-Libanes-e1715890822753.jpg","contentUrl":"https:\/\/pesquisa.iephsl.org.br\/wp-content\/uploads\/2024\/05\/Inscricoes-abertas-para-Residencia-para-o-Hospital-Sirio-Libanes-e1715890822753.jpg","width":752,"height":244,"caption":"Hospital Sirio Libanes"},"image":{"@id":"https:\/\/pesquisa.iephsl.org.br\/#\/schema\/logo\/image\/"}}]}},"_links":{"self":[{"href":"https:\/\/pesquisa.iephsl.org.br\/en\/wp-json\/wp\/v2\/pages\/169","targetHints":{"allow":["GET"]}}],"collection":[{"href":"https:\/\/pesquisa.iephsl.org.br\/en\/wp-json\/wp\/v2\/pages"}],"about":[{"href":"https:\/\/pesquisa.iephsl.org.br\/en\/wp-json\/wp\/v2\/types\/page"}],"author":[{"embeddable":true,"href":"https:\/\/pesquisa.iephsl.org.br\/en\/wp-json\/wp\/v2\/users\/1"}],"replies":[{"embeddable":true,"href":"https:\/\/pesquisa.iephsl.org.br\/en\/wp-json\/wp\/v2\/comments?post=169"}],"version-history":[{"count":22,"href":"https:\/\/pesquisa.iephsl.org.br\/en\/wp-json\/wp\/v2\/pages\/169\/revisions"}],"predecessor-version":[{"id":614,"href":"https:\/\/pesquisa.iephsl.org.br\/en\/wp-json\/wp\/v2\/pages\/169\/revisions\/614"}],"up":[{"embeddable":true,"href":"https:\/\/pesquisa.iephsl.org.br\/en\/wp-json\/wp\/v2\/pages\/70"}],"wp:attachment":[{"href":"https:\/\/pesquisa.iephsl.org.br\/en\/wp-json\/wp\/v2\/media?parent=169"}],"curies":[{"name":"wp","href":"https:\/\/api.w.org\/{rel}","templated":true}]}}