{"id":270,"date":"2024-09-16T16:20:19","date_gmt":"2024-09-16T19:20:19","guid":{"rendered":"https:\/\/pesquisa.iephsl.org.br\/?page_id=270"},"modified":"2024-10-02T11:12:26","modified_gmt":"2024-10-02T14:12:26","slug":"quem-somos","status":"publish","type":"page","link":"https:\/\/pesquisa.iephsl.org.br\/en\/quem-somos\/","title":{"rendered":"Who we are"},"content":{"rendered":"<div class=\"wp-block-group\"><div class=\"wp-block-group__inner-container is-layout-constrained wp-block-group-is-layout-constrained\">\n<p class=\"has-text-align-left\" style=\"text-align: justify;\">S\u00edrio-Liban\u00eas Teaching and Research is an integral part of the prestigious Hospital S\u00edrio-Liban\u00eas and is responsible for generating and disseminating knowledge, training professionals, and fostering an environment that promotes innovation in healthcare.<\/p>\n<p class=\"has-text-align-left\" style=\"text-align: justify;\">S\u00edrio-Liban\u00eas Teaching and Research embodies the excellence and pioneering spirit of Hospital S\u00edrio-Liban\u00eas in its activities, always striving to generate and disseminate knowledge related to the transformation of professional practices in healthcare.<\/p>\n<p class=\"has-text-align-left\" style=\"text-align: justify;\">Equipped with state-of-the-art technology, its research laboratories are the setting for scientific investigations in areas such as oncology, cardiology, neurology, orthopedics, geriatrics, intensive care medicine, surgery, rehabilitation, and radiology.<\/p>\n<p class=\"has-text-align-left\" style=\"text-align: justify;\">In addition to the research laboratories, the institute features modern classrooms, a library, and advanced simulation centers. These resources enable students and researchers to have access to the latest tools and technologies in their respective areas of study and research.<\/p>\n<p class=\"has-text-align-left\" style=\"text-align: justify;\">The impact of S\u00edrio-Liban\u00eas Teaching and Research extends far beyond its walls. Through the training of highly qualified healthcare professionals and the production of innovative research, the institute contributes significantly to improving the quality of healthcare in Brazil and beyond.<\/p>\n<\/div><\/div>","protected":false},"excerpt":{"rendered":"<p>O S\u00edrio-Liban\u00eas Ensino e Pesquisa \u00e9 parte integrante do prestigioso Hospital S\u00edrio-Liban\u00eas e tem a responsabilidade de gerar e disseminar o conhecimento, qualificar profissionais e promover um ambiente que favore\u00e7a a inova\u00e7\u00e3o na \u00e1rea da sa\u00fade. O S\u00edrio-Liban\u00eas Ensino e Pesquisa reflete e traduz nas suas atividades a excel\u00eancia e o pioneirismo do Hospital S\u00edrio-Liban\u00eas, [&hellip;]<\/p>","protected":false},"author":1,"featured_media":0,"parent":0,"menu_order":0,"comment_status":"closed","ping_status":"closed","template":"page-templates\/template_quemsomos_nossa_missao.php","meta":{"footnotes":""},"class_list":["post-270","page","type-page","status-publish","hentry"],"yoast_head":"<!-- This site is optimized with the Yoast SEO plugin v25.2 - https:\/\/yoast.com\/wordpress\/plugins\/seo\/ -->\n<title>Quem Somos - Instituto de Ensino e Pesquisa<\/title>\n<meta name=\"robots\" content=\"index, follow, max-snippet:-1, max-image-preview:large, max-video-preview:-1\" \/>\n<link rel=\"canonical\" href=\"https:\/\/pesquisa.iephsl.org.br\/en\/quem-somos\/\" \/>\n<meta property=\"og:locale\" content=\"en_US\" \/>\n<meta property=\"og:type\" content=\"article\" \/>\n<meta property=\"og:title\" content=\"Quem Somos - Instituto de Ensino e Pesquisa\" \/>\n<meta property=\"og:description\" content=\"O S\u00edrio-Liban\u00eas Ensino e Pesquisa \u00e9 parte integrante do prestigioso Hospital S\u00edrio-Liban\u00eas e tem a responsabilidade de gerar e disseminar o conhecimento, qualificar profissionais e promover um ambiente que favore\u00e7a a inova\u00e7\u00e3o na \u00e1rea da sa\u00fade. O S\u00edrio-Liban\u00eas Ensino e Pesquisa reflete e traduz nas suas atividades a excel\u00eancia e o pioneirismo do Hospital S\u00edrio-Liban\u00eas, [&hellip;]\" \/>\n<meta property=\"og:url\" content=\"https:\/\/pesquisa.iephsl.org.br\/en\/quem-somos\/\" \/>\n<meta property=\"og:site_name\" content=\"Instituto de Ensino e Pesquisa\" \/>\n<meta property=\"article:modified_time\" content=\"2024-10-02T14:12:26+00:00\" \/>\n<meta name=\"twitter:card\" content=\"summary_large_image\" \/>\n<meta name=\"twitter:label1\" content=\"Est. reading time\" \/>\n\t<meta name=\"twitter:data1\" content=\"1 minute\" \/>\n<script type=\"application\/ld+json\" class=\"yoast-schema-graph\">{\"@context\":\"https:\/\/schema.org\",\"@graph\":[{\"@type\":\"WebPage\",\"@id\":\"https:\/\/pesquisa.iephsl.org.br\/quem-somos\/\",\"url\":\"https:\/\/pesquisa.iephsl.org.br\/quem-somos\/\",\"name\":\"Quem Somos - Instituto de Ensino e Pesquisa\",\"isPartOf\":{\"@id\":\"https:\/\/pesquisa.iephsl.org.br\/#website\"},\"datePublished\":\"2024-09-16T19:20:19+00:00\",\"dateModified\":\"2024-10-02T14:12:26+00:00\",\"breadcrumb\":{\"@id\":\"https:\/\/pesquisa.iephsl.org.br\/quem-somos\/#breadcrumb\"},\"inLanguage\":\"en-US\",\"potentialAction\":[{\"@type\":\"ReadAction\",\"target\":[\"https:\/\/pesquisa.iephsl.org.br\/quem-somos\/\"]}]},{\"@type\":\"BreadcrumbList\",\"@id\":\"https:\/\/pesquisa.iephsl.org.br\/quem-somos\/#breadcrumb\",\"itemListElement\":[{\"@type\":\"ListItem\",\"position\":1,\"name\":\"Home\",\"item\":\"https:\/\/pesquisa.iephsl.org.br\/\"},{\"@type\":\"ListItem\",\"position\":2,\"name\":\"Quem Somos\"}]},{\"@type\":\"WebSite\",\"@id\":\"https:\/\/pesquisa.iephsl.org.br\/#website\",\"url\":\"https:\/\/pesquisa.iephsl.org.br\/\",\"name\":\"Instituto de Ensino e Pesquisa\",\"description\":\"Site de Ensino e Pesquisa do Hospital Sirio Libanes\",\"publisher\":{\"@id\":\"https:\/\/pesquisa.iephsl.org.br\/#organization\"},\"potentialAction\":[{\"@type\":\"SearchAction\",\"target\":{\"@type\":\"EntryPoint\",\"urlTemplate\":\"https:\/\/pesquisa.iephsl.org.br\/?s={search_term_string}\"},\"query-input\":{\"@type\":\"PropertyValueSpecification\",\"valueRequired\":true,\"valueName\":\"search_term_string\"}}],\"inLanguage\":\"en-US\"},{\"@type\":\"Organization\",\"@id\":\"https:\/\/pesquisa.iephsl.org.br\/#organization\",\"name\":\"Hospital Sirio Libanes\",\"url\":\"https:\/\/pesquisa.iephsl.org.br\/\",\"logo\":{\"@type\":\"ImageObject\",\"inLanguage\":\"en-US\",\"@id\":\"https:\/\/pesquisa.iephsl.org.br\/#\/schema\/logo\/image\/\",\"url\":\"https:\/\/pesquisa.iephsl.org.br\/wp-content\/uploads\/2024\/05\/Inscricoes-abertas-para-Residencia-para-o-Hospital-Sirio-Libanes-e1715890822753.jpg\",\"contentUrl\":\"https:\/\/pesquisa.iephsl.org.br\/wp-content\/uploads\/2024\/05\/Inscricoes-abertas-para-Residencia-para-o-Hospital-Sirio-Libanes-e1715890822753.jpg\",\"width\":752,\"height\":244,\"caption\":\"Hospital Sirio Libanes\"},\"image\":{\"@id\":\"https:\/\/pesquisa.iephsl.org.br\/#\/schema\/logo\/image\/\"}}]}<\/script>\n<!-- \/ Yoast SEO plugin. -->","yoast_head_json":{"title":"Quem Somos - Instituto de Ensino e Pesquisa","robots":{"index":"index","follow":"follow","max-snippet":"max-snippet:-1","max-image-preview":"max-image-preview:large","max-video-preview":"max-video-preview:-1"},"canonical":"https:\/\/pesquisa.iephsl.org.br\/en\/quem-somos\/","og_locale":"en_US","og_type":"article","og_title":"Quem Somos - Instituto de Ensino e Pesquisa","og_description":"O S\u00edrio-Liban\u00eas Ensino e Pesquisa \u00e9 parte integrante do prestigioso Hospital S\u00edrio-Liban\u00eas e tem a responsabilidade de gerar e disseminar o conhecimento, qualificar profissionais e promover um ambiente que favore\u00e7a a inova\u00e7\u00e3o na \u00e1rea da sa\u00fade. O S\u00edrio-Liban\u00eas Ensino e Pesquisa reflete e traduz nas suas atividades a excel\u00eancia e o pioneirismo do Hospital S\u00edrio-Liban\u00eas, [&hellip;]","og_url":"https:\/\/pesquisa.iephsl.org.br\/en\/quem-somos\/","og_site_name":"Instituto de Ensino e Pesquisa","article_modified_time":"2024-10-02T14:12:26+00:00","twitter_card":"summary_large_image","twitter_misc":{"Est. reading time":"1 minute"},"schema":{"@context":"https:\/\/schema.org","@graph":[{"@type":"WebPage","@id":"https:\/\/pesquisa.iephsl.org.br\/quem-somos\/","url":"https:\/\/pesquisa.iephsl.org.br\/quem-somos\/","name":"Quem Somos - Instituto de Ensino e Pesquisa","isPartOf":{"@id":"https:\/\/pesquisa.iephsl.org.br\/#website"},"datePublished":"2024-09-16T19:20:19+00:00","dateModified":"2024-10-02T14:12:26+00:00","breadcrumb":{"@id":"https:\/\/pesquisa.iephsl.org.br\/quem-somos\/#breadcrumb"},"inLanguage":"en-US","potentialAction":[{"@type":"ReadAction","target":["https:\/\/pesquisa.iephsl.org.br\/quem-somos\/"]}]},{"@type":"BreadcrumbList","@id":"https:\/\/pesquisa.iephsl.org.br\/quem-somos\/#breadcrumb","itemListElement":[{"@type":"ListItem","position":1,"name":"Home","item":"https:\/\/pesquisa.iephsl.org.br\/"},{"@type":"ListItem","position":2,"name":"Quem Somos"}]},{"@type":"WebSite","@id":"https:\/\/pesquisa.iephsl.org.br\/#website","url":"https:\/\/pesquisa.iephsl.org.br\/","name":"Instituto de Ensino e Pesquisa","description":"Site de Ensino e Pesquisa do Hospital Sirio Libanes","publisher":{"@id":"https:\/\/pesquisa.iephsl.org.br\/#organization"},"potentialAction":[{"@type":"SearchAction","target":{"@type":"EntryPoint","urlTemplate":"https:\/\/pesquisa.iephsl.org.br\/?s={search_term_string}"},"query-input":{"@type":"PropertyValueSpecification","valueRequired":true,"valueName":"search_term_string"}}],"inLanguage":"en-US"},{"@type":"Organization","@id":"https:\/\/pesquisa.iephsl.org.br\/#organization","name":"Hospital Sirio Libanes","url":"https:\/\/pesquisa.iephsl.org.br\/","logo":{"@type":"ImageObject","inLanguage":"en-US","@id":"https:\/\/pesquisa.iephsl.org.br\/#\/schema\/logo\/image\/","url":"https:\/\/pesquisa.iephsl.org.br\/wp-content\/uploads\/2024\/05\/Inscricoes-abertas-para-Residencia-para-o-Hospital-Sirio-Libanes-e1715890822753.jpg","contentUrl":"https:\/\/pesquisa.iephsl.org.br\/wp-content\/uploads\/2024\/05\/Inscricoes-abertas-para-Residencia-para-o-Hospital-Sirio-Libanes-e1715890822753.jpg","width":752,"height":244,"caption":"Hospital Sirio Libanes"},"image":{"@id":"https:\/\/pesquisa.iephsl.org.br\/#\/schema\/logo\/image\/"}}]}},"_links":{"self":[{"href":"https:\/\/pesquisa.iephsl.org.br\/en\/wp-json\/wp\/v2\/pages\/270","targetHints":{"allow":["GET"]}}],"collection":[{"href":"https:\/\/pesquisa.iephsl.org.br\/en\/wp-json\/wp\/v2\/pages"}],"about":[{"href":"https:\/\/pesquisa.iephsl.org.br\/en\/wp-json\/wp\/v2\/types\/page"}],"author":[{"embeddable":true,"href":"https:\/\/pesquisa.iephsl.org.br\/en\/wp-json\/wp\/v2\/users\/1"}],"replies":[{"embeddable":true,"href":"https:\/\/pesquisa.iephsl.org.br\/en\/wp-json\/wp\/v2\/comments?post=270"}],"version-history":[{"count":3,"href":"https:\/\/pesquisa.iephsl.org.br\/en\/wp-json\/wp\/v2\/pages\/270\/revisions"}],"predecessor-version":[{"id":361,"href":"https:\/\/pesquisa.iephsl.org.br\/en\/wp-json\/wp\/v2\/pages\/270\/revisions\/361"}],"wp:attachment":[{"href":"https:\/\/pesquisa.iephsl.org.br\/en\/wp-json\/wp\/v2\/media?parent=270"}],"curies":[{"name":"wp","href":"https:\/\/api.w.org\/{rel}","templated":true}]}}