{"id":412,"date":"2025-05-22T12:56:35","date_gmt":"2025-05-22T15:56:35","guid":{"rendered":"https:\/\/pesquisa.iephsl.org.br\/?page_id=412"},"modified":"2026-02-24T15:00:29","modified_gmt":"2026-02-24T18:00:29","slug":"programa-jovem-cientisa-sirio-libanes","status":"publish","type":"page","link":"https:\/\/pesquisa.iephsl.org.br\/en\/programa-jovem-cientisa-sirio-libanes\/","title":{"rendered":"S\u00edrio-Liban\u00eas Young Scientist Program"},"content":{"rendered":"<h3><b>Presentation<\/b><\/h3>\n<div style=\"text-align: justify;\">The Young Scientist Program aims to foster the training of new researchers in healthcare by providing research fellowships to graduate students and postdoctoral fellows affiliated with the Hospital S\u00edrio-Liban\u00eas's Graduate Program in Health Sciences. The program was created in 2021 and is supported through generous donations from benefactors who recognize the importance of human capital development and science for our country's development.\u00a0 \u00a0<\/div>\n<div>\u00a0<\/div>\n<h3><b>Admission Process<\/b><\/h3>\n<div style=\"text-align: justify;\">The candidate must be regularly enrolled in the Graduate or Postdoctoral program in Health Sciences at Hospital S\u00edrio-Liban\u00eas and dedicate a minimum of 20 hours per week to research activities related to the project linked to the fellowship. All requirements and commitments for the fellowship candidates are described in the official notice presented below. The evaluation and selection process for the candidates will be conducted by the Coordination of the Health Sciences Graduate Program at S\u00edrio-Liban\u00eas Teaching and Research (IEP\/HSL).<\/div>\n<div>\u00a0<\/div>\n<h3><b>Public Notices<\/b><\/h3>\n<div style=\"text-align: justify;\"><a href=\"https:\/\/bioinfohsl-tools.s3.us-east-1.amazonaws.com\/website-pesquisa\/Edital_Bolsa+Jovem+Cientista+2023.1.pdf\" target=\"_blank\" rel=\"noopener\">Edital_Bolsa Jovem Cientista 2023.1<\/a><\/div>\n<div><a href=\"https:\/\/bioinfohsl-tools.s3.us-east-1.amazonaws.com\/website-pesquisa\/Lista+de+aprovados_Bolsa+Jovem+Cientista_2023.1.pdf\" target=\"_blank\" rel=\"noopener\">Lista de aprovados_Bolsa Jovem Cientista_2023.1<\/a><\/div>\n<div><a href=\"https:\/\/bioinfohsl-tools.s3.us-east-1.amazonaws.com\/website-pesquisa\/Edital_Bolsa+Jovem+Cientista+2025.2.pdf\" target=\"_blank\" rel=\"noopener\">Edital_Bolsa Jovem Cientista 2025.2<\/a><\/div>\n<div><a href=\"https:\/\/bioinfohsl-tools.s3.us-east-1.amazonaws.com\/website-pesquisa\/Lista+de+aprovados_Bolsa+Jovem+Cientista_2025.2.pdf\">Lista de aprovados_Bolsa Jovem Cientista_2025.2<\/a><\/div>\n<div><a href=\"https:\/\/bioinfohsl-tools.s3.us-east-1.amazonaws.com\/website-pesquisa\/Edital_Bolsa+Jovem+Cientista+2026.1.pdf\" target=\"_blank\" rel=\"noopener\">Edital_Bolsa Jovem Cientista 2026.1<\/a><\/div>\n<div><a href=\"https:\/\/bioinfohsl-tools.s3.us-east-1.amazonaws.com\/website-pesquisa\/Lista+de+aprovados_Bolsa+Jovem+Cientista_2026.1.pdf\" target=\"_blank\" rel=\"noopener\">Lista de aprovados_Bolsa Jovem Cientista_2026.1<\/a><\/div>\n<h3><b>Open notices<\/b><\/h3>\n\n\n<p><\/p>","protected":false},"excerpt":{"rendered":"<p>Apresenta\u00e7\u00e3o O Programa Jovem Cientista tem como objetivo fomentar a forma\u00e7\u00e3o de novos pesquisadores na \u00e1rea da sa\u00fade atrav\u00e9s da concess\u00e3o de bolsas de pesquisa a alunos de p\u00f3s-gradua\u00e7\u00e3o e p\u00f3s-doutorandos vinculados ao Programa de P\u00f3s-Gradua\u00e7\u00e3o em Ci\u00eancias da Sa\u00fade do Hospital S\u00edrio-Liban\u00eas. O programa foi criado em 2021 e \u00e9 mantido por meio de [&hellip;]<\/p>","protected":false},"author":1,"featured_media":0,"parent":0,"menu_order":0,"comment_status":"closed","ping_status":"closed","template":"","meta":{"footnotes":""},"class_list":["post-412","page","type-page","status-publish","hentry"],"yoast_head":"<!-- This site is optimized with the Yoast SEO plugin v25.2 - https:\/\/yoast.com\/wordpress\/plugins\/seo\/ -->\n<title>Programa Jovem Cientista S\u00edrio-Liban\u00eas - Instituto de Ensino e Pesquisa<\/title>\n<meta name=\"robots\" content=\"index, follow, max-snippet:-1, max-image-preview:large, max-video-preview:-1\" \/>\n<link rel=\"canonical\" href=\"https:\/\/pesquisa.iephsl.org.br\/en\/programa-jovem-cientisa-sirio-libanes\/\" \/>\n<meta property=\"og:locale\" content=\"en_US\" \/>\n<meta property=\"og:type\" content=\"article\" \/>\n<meta property=\"og:title\" content=\"Programa Jovem Cientista S\u00edrio-Liban\u00eas - Instituto de Ensino e Pesquisa\" \/>\n<meta property=\"og:description\" content=\"Apresenta\u00e7\u00e3o O Programa Jovem Cientista tem como objetivo fomentar a forma\u00e7\u00e3o de novos pesquisadores na \u00e1rea da sa\u00fade atrav\u00e9s da concess\u00e3o de bolsas de pesquisa a alunos de p\u00f3s-gradua\u00e7\u00e3o e p\u00f3s-doutorandos vinculados ao Programa de P\u00f3s-Gradua\u00e7\u00e3o em Ci\u00eancias da Sa\u00fade do Hospital S\u00edrio-Liban\u00eas. O programa foi criado em 2021 e \u00e9 mantido por meio de [&hellip;]\" \/>\n<meta property=\"og:url\" content=\"https:\/\/pesquisa.iephsl.org.br\/en\/programa-jovem-cientisa-sirio-libanes\/\" \/>\n<meta property=\"og:site_name\" content=\"Instituto de Ensino e Pesquisa\" \/>\n<meta property=\"article:modified_time\" content=\"2026-02-24T18:00:29+00:00\" \/>\n<meta name=\"twitter:card\" content=\"summary_large_image\" \/>\n<meta name=\"twitter:label1\" content=\"Est. reading time\" \/>\n\t<meta name=\"twitter:data1\" content=\"1 minute\" \/>\n<script type=\"application\/ld+json\" class=\"yoast-schema-graph\">{\"@context\":\"https:\/\/schema.org\",\"@graph\":[{\"@type\":\"WebPage\",\"@id\":\"https:\/\/pesquisa.iephsl.org.br\/programa-jovem-cientisa-sirio-libanes\/\",\"url\":\"https:\/\/pesquisa.iephsl.org.br\/programa-jovem-cientisa-sirio-libanes\/\",\"name\":\"Programa Jovem Cientista S\u00edrio-Liban\u00eas - Instituto de Ensino e Pesquisa\",\"isPartOf\":{\"@id\":\"https:\/\/pesquisa.iephsl.org.br\/#website\"},\"datePublished\":\"2025-05-22T15:56:35+00:00\",\"dateModified\":\"2026-02-24T18:00:29+00:00\",\"breadcrumb\":{\"@id\":\"https:\/\/pesquisa.iephsl.org.br\/programa-jovem-cientisa-sirio-libanes\/#breadcrumb\"},\"inLanguage\":\"en-US\",\"potentialAction\":[{\"@type\":\"ReadAction\",\"target\":[\"https:\/\/pesquisa.iephsl.org.br\/programa-jovem-cientisa-sirio-libanes\/\"]}]},{\"@type\":\"BreadcrumbList\",\"@id\":\"https:\/\/pesquisa.iephsl.org.br\/programa-jovem-cientisa-sirio-libanes\/#breadcrumb\",\"itemListElement\":[{\"@type\":\"ListItem\",\"position\":1,\"name\":\"Home\",\"item\":\"https:\/\/pesquisa.iephsl.org.br\/\"},{\"@type\":\"ListItem\",\"position\":2,\"name\":\"Programa Jovem Cientista S\u00edrio-Liban\u00eas\"}]},{\"@type\":\"WebSite\",\"@id\":\"https:\/\/pesquisa.iephsl.org.br\/#website\",\"url\":\"https:\/\/pesquisa.iephsl.org.br\/\",\"name\":\"Instituto de Ensino e Pesquisa\",\"description\":\"Site de Ensino e Pesquisa do Hospital Sirio Libanes\",\"publisher\":{\"@id\":\"https:\/\/pesquisa.iephsl.org.br\/#organization\"},\"potentialAction\":[{\"@type\":\"SearchAction\",\"target\":{\"@type\":\"EntryPoint\",\"urlTemplate\":\"https:\/\/pesquisa.iephsl.org.br\/?s={search_term_string}\"},\"query-input\":{\"@type\":\"PropertyValueSpecification\",\"valueRequired\":true,\"valueName\":\"search_term_string\"}}],\"inLanguage\":\"en-US\"},{\"@type\":\"Organization\",\"@id\":\"https:\/\/pesquisa.iephsl.org.br\/#organization\",\"name\":\"Hospital Sirio Libanes\",\"url\":\"https:\/\/pesquisa.iephsl.org.br\/\",\"logo\":{\"@type\":\"ImageObject\",\"inLanguage\":\"en-US\",\"@id\":\"https:\/\/pesquisa.iephsl.org.br\/#\/schema\/logo\/image\/\",\"url\":\"https:\/\/pesquisa.iephsl.org.br\/wp-content\/uploads\/2024\/05\/Inscricoes-abertas-para-Residencia-para-o-Hospital-Sirio-Libanes-e1715890822753.jpg\",\"contentUrl\":\"https:\/\/pesquisa.iephsl.org.br\/wp-content\/uploads\/2024\/05\/Inscricoes-abertas-para-Residencia-para-o-Hospital-Sirio-Libanes-e1715890822753.jpg\",\"width\":752,\"height\":244,\"caption\":\"Hospital Sirio Libanes\"},\"image\":{\"@id\":\"https:\/\/pesquisa.iephsl.org.br\/#\/schema\/logo\/image\/\"}}]}<\/script>\n<!-- \/ Yoast SEO plugin. -->","yoast_head_json":{"title":"Programa Jovem Cientista S\u00edrio-Liban\u00eas - Instituto de Ensino e Pesquisa","robots":{"index":"index","follow":"follow","max-snippet":"max-snippet:-1","max-image-preview":"max-image-preview:large","max-video-preview":"max-video-preview:-1"},"canonical":"https:\/\/pesquisa.iephsl.org.br\/en\/programa-jovem-cientisa-sirio-libanes\/","og_locale":"en_US","og_type":"article","og_title":"Programa Jovem Cientista S\u00edrio-Liban\u00eas - Instituto de Ensino e Pesquisa","og_description":"Apresenta\u00e7\u00e3o O Programa Jovem Cientista tem como objetivo fomentar a forma\u00e7\u00e3o de novos pesquisadores na \u00e1rea da sa\u00fade atrav\u00e9s da concess\u00e3o de bolsas de pesquisa a alunos de p\u00f3s-gradua\u00e7\u00e3o e p\u00f3s-doutorandos vinculados ao Programa de P\u00f3s-Gradua\u00e7\u00e3o em Ci\u00eancias da Sa\u00fade do Hospital S\u00edrio-Liban\u00eas. O programa foi criado em 2021 e \u00e9 mantido por meio de [&hellip;]","og_url":"https:\/\/pesquisa.iephsl.org.br\/en\/programa-jovem-cientisa-sirio-libanes\/","og_site_name":"Instituto de Ensino e Pesquisa","article_modified_time":"2026-02-24T18:00:29+00:00","twitter_card":"summary_large_image","twitter_misc":{"Est. reading time":"1 minute"},"schema":{"@context":"https:\/\/schema.org","@graph":[{"@type":"WebPage","@id":"https:\/\/pesquisa.iephsl.org.br\/programa-jovem-cientisa-sirio-libanes\/","url":"https:\/\/pesquisa.iephsl.org.br\/programa-jovem-cientisa-sirio-libanes\/","name":"Programa Jovem Cientista S\u00edrio-Liban\u00eas - Instituto de Ensino e Pesquisa","isPartOf":{"@id":"https:\/\/pesquisa.iephsl.org.br\/#website"},"datePublished":"2025-05-22T15:56:35+00:00","dateModified":"2026-02-24T18:00:29+00:00","breadcrumb":{"@id":"https:\/\/pesquisa.iephsl.org.br\/programa-jovem-cientisa-sirio-libanes\/#breadcrumb"},"inLanguage":"en-US","potentialAction":[{"@type":"ReadAction","target":["https:\/\/pesquisa.iephsl.org.br\/programa-jovem-cientisa-sirio-libanes\/"]}]},{"@type":"BreadcrumbList","@id":"https:\/\/pesquisa.iephsl.org.br\/programa-jovem-cientisa-sirio-libanes\/#breadcrumb","itemListElement":[{"@type":"ListItem","position":1,"name":"Home","item":"https:\/\/pesquisa.iephsl.org.br\/"},{"@type":"ListItem","position":2,"name":"Programa Jovem Cientista S\u00edrio-Liban\u00eas"}]},{"@type":"WebSite","@id":"https:\/\/pesquisa.iephsl.org.br\/#website","url":"https:\/\/pesquisa.iephsl.org.br\/","name":"Instituto de Ensino e Pesquisa","description":"Site de Ensino e Pesquisa do Hospital Sirio Libanes","publisher":{"@id":"https:\/\/pesquisa.iephsl.org.br\/#organization"},"potentialAction":[{"@type":"SearchAction","target":{"@type":"EntryPoint","urlTemplate":"https:\/\/pesquisa.iephsl.org.br\/?s={search_term_string}"},"query-input":{"@type":"PropertyValueSpecification","valueRequired":true,"valueName":"search_term_string"}}],"inLanguage":"en-US"},{"@type":"Organization","@id":"https:\/\/pesquisa.iephsl.org.br\/#organization","name":"Hospital Sirio Libanes","url":"https:\/\/pesquisa.iephsl.org.br\/","logo":{"@type":"ImageObject","inLanguage":"en-US","@id":"https:\/\/pesquisa.iephsl.org.br\/#\/schema\/logo\/image\/","url":"https:\/\/pesquisa.iephsl.org.br\/wp-content\/uploads\/2024\/05\/Inscricoes-abertas-para-Residencia-para-o-Hospital-Sirio-Libanes-e1715890822753.jpg","contentUrl":"https:\/\/pesquisa.iephsl.org.br\/wp-content\/uploads\/2024\/05\/Inscricoes-abertas-para-Residencia-para-o-Hospital-Sirio-Libanes-e1715890822753.jpg","width":752,"height":244,"caption":"Hospital Sirio Libanes"},"image":{"@id":"https:\/\/pesquisa.iephsl.org.br\/#\/schema\/logo\/image\/"}}]}},"_links":{"self":[{"href":"https:\/\/pesquisa.iephsl.org.br\/en\/wp-json\/wp\/v2\/pages\/412","targetHints":{"allow":["GET"]}}],"collection":[{"href":"https:\/\/pesquisa.iephsl.org.br\/en\/wp-json\/wp\/v2\/pages"}],"about":[{"href":"https:\/\/pesquisa.iephsl.org.br\/en\/wp-json\/wp\/v2\/types\/page"}],"author":[{"embeddable":true,"href":"https:\/\/pesquisa.iephsl.org.br\/en\/wp-json\/wp\/v2\/users\/1"}],"replies":[{"embeddable":true,"href":"https:\/\/pesquisa.iephsl.org.br\/en\/wp-json\/wp\/v2\/comments?post=412"}],"version-history":[{"count":12,"href":"https:\/\/pesquisa.iephsl.org.br\/en\/wp-json\/wp\/v2\/pages\/412\/revisions"}],"predecessor-version":[{"id":609,"href":"https:\/\/pesquisa.iephsl.org.br\/en\/wp-json\/wp\/v2\/pages\/412\/revisions\/609"}],"wp:attachment":[{"href":"https:\/\/pesquisa.iephsl.org.br\/en\/wp-json\/wp\/v2\/media?parent=412"}],"curies":[{"name":"wp","href":"https:\/\/api.w.org\/{rel}","templated":true}]}}