{"id":69,"date":"2024-05-23T14:44:09","date_gmt":"2024-05-23T17:44:09","guid":{"rendered":"http:\/\/10.100.108.11:8080\/?page_id=69"},"modified":"2025-06-30T14:27:57","modified_gmt":"2025-06-30T17:27:57","slug":"pesquisa-translacional","status":"publish","type":"page","link":"https:\/\/pesquisa.iephsl.org.br\/en\/pesquisa-translacional\/","title":{"rendered":"Translational Research"},"content":{"rendered":"<div class=\"wp-block-group\"><div class=\"wp-block-group__inner-container is-layout-constrained wp-block-group-is-layout-constrained\">\n<p>The Charitable Society of Ladies Hospital S\u00edrio-Liban\u00eas (HSL) is a century-old institution that promotes integrated activities in healthcare, education, and research.<\/p>\n\n\n\n<p class=\"has-text-align-left\" style=\"text-align: justify;\">In Translational Research, our mission is to transform knowledge into care. We prioritize applied research and the implementation of new technologies, with a focus on improving care and building a more just and inclusive healthcare system. Our research projects stem from the daily challenges faced in clinical practice, maximizing the application of results and the implementation of advancements within the healthcare system.\u00a0<\/p>\n\n\n\n<p class=\"has-text-align-left\" style=\"text-align: justify;\">In 2008, our Board of Directors launched a strategic project to strengthen HSL as an academic institution. We improved our infrastructure, renovated our research laboratories, invested in new technologies, and increased administrative support to attract young researchers with an academic vision and international experience.\u00a0<\/p>\n\n\n\n<p class=\"has-text-align-left\" style=\"text-align: justify;\">In late 2013, we launched our Academic Master's and PhD Program in Health Sciences and our Scientific Initiation Program. In 2021, we completed the pathway for training new researchers with the creation of our Post-Doctoral Program.\u00a0<\/p>\n\n\n\n<p class=\"has-text-align-left\" style=\"text-align: justify;\">As a result, our scientific output has grown exponentially in both quantity and quality, rising from 38 articles in 2008 (the year the Research Directorate was created) to 371 in 2023. Approximately 25% of our work is published in high-impact health journals (Top 10%), and our FWCI (Field-Weighted Citation Index) is 1.99, comparable to that of major international research centers such as the Cleveland Clinic (FWCI 2.03) and Mayo Clinic (FWCI 2.02).<\/p>\n\n\n\n<p class=\"has-text-align-left\" style=\"text-align: justify;\">We have a total of five multidisciplinary experimental research laboratories where research projects are developed in all our areas of focus: Oncology, Cardiology, Orthopedics, Geriatrics, and Neurology, in addition to cross-cutting areas like Surgery, Rehabilitation, Radiology, Intensive Care Medicine, Data Science, and Advanced Therapies.<\/p>\n\n\n\n<p class=\"has-text-align-left\" style=\"text-align: justify;\">The laboratories are multi-user and serve students (scientific initiation, master's, doctoral, post-doctoral) and researchers from our institution, as well as students and researchers from national and international universities and research centers.\u00a0<\/p>\n\n\n\n<h2 id=\"producaoacademica\">Academic Production:<\/h2>\n<p>The data presented below corresponds to the scientific publications of our faculty, students, and alumni, indexed in Scopus (<a href=\"https:\/\/www.scopus.com\/\">https:\/\/www.scopus.com\/<\/a>)<\/p>\n<\/div><\/div>\n\n\n\n<iframe frameborder=\"0\" allowfullscreen=\"true\" width=\"800\" height=\"800\" src=\"https:\/\/app.powerbi.com\/view?r=eyJrIjoiODA1YmY0NmMtZWRjYy00YTc4LTgzY2EtNWRhMzU1NjA2NGRhIiwidCI6ImM0ZDNlODRhLTk4MGEtNDM4Yy1hYjVlLWJlZDE2OWZkNmE5NiJ9\"><\/iframe>\n\n\n\n<p><\/p>","protected":false},"excerpt":{"rendered":"<p>A Sociedade Beneficente de Senhoras Hospital S\u00edrio-Liban\u00eas (HSL) \u00e9 uma institui\u00e7\u00e3o centen\u00e1ria que promove atividades integradas de assist\u00eancia \u00e0 sa\u00fade, ensino e pesquisa. Na Pesquisa Translacional nossa miss\u00e3o \u00e9 transformar conhecimento em cuidado. Priorizamos a pesquisa aplicada e a implementa\u00e7\u00e3o de novas tecnologias, com foco na melhoria da assist\u00eancia e na constru\u00e7\u00e3o de um sistema [&hellip;]<\/p>","protected":false},"author":1,"featured_media":0,"parent":0,"menu_order":0,"comment_status":"closed","ping_status":"closed","template":"","meta":{"footnotes":""},"class_list":["post-69","page","type-page","status-publish","hentry"],"yoast_head":"<!-- This site is optimized with the Yoast SEO plugin v25.2 - https:\/\/yoast.com\/wordpress\/plugins\/seo\/ -->\n<title>Pesquisa Translacional - Instituto de Ensino e Pesquisa<\/title>\n<meta name=\"robots\" content=\"index, follow, max-snippet:-1, max-image-preview:large, max-video-preview:-1\" \/>\n<link rel=\"canonical\" href=\"https:\/\/pesquisa.iephsl.org.br\/en\/pesquisa-translacional\/\" \/>\n<meta property=\"og:locale\" content=\"en_US\" \/>\n<meta property=\"og:type\" content=\"article\" \/>\n<meta property=\"og:title\" content=\"Pesquisa Translacional - Instituto de Ensino e Pesquisa\" \/>\n<meta property=\"og:description\" content=\"A Sociedade Beneficente de Senhoras Hospital S\u00edrio-Liban\u00eas (HSL) \u00e9 uma institui\u00e7\u00e3o centen\u00e1ria que promove atividades integradas de assist\u00eancia \u00e0 sa\u00fade, ensino e pesquisa. Na Pesquisa Translacional nossa miss\u00e3o \u00e9 transformar conhecimento em cuidado. Priorizamos a pesquisa aplicada e a implementa\u00e7\u00e3o de novas tecnologias, com foco na melhoria da assist\u00eancia e na constru\u00e7\u00e3o de um sistema [&hellip;]\" \/>\n<meta property=\"og:url\" content=\"https:\/\/pesquisa.iephsl.org.br\/en\/pesquisa-translacional\/\" \/>\n<meta property=\"og:site_name\" content=\"Instituto de Ensino e Pesquisa\" \/>\n<meta property=\"article:modified_time\" content=\"2025-06-30T17:27:57+00:00\" \/>\n<meta name=\"twitter:card\" content=\"summary_large_image\" \/>\n<meta name=\"twitter:label1\" content=\"Est. reading time\" \/>\n\t<meta name=\"twitter:data1\" content=\"2 minutes\" \/>\n<script type=\"application\/ld+json\" class=\"yoast-schema-graph\">{\"@context\":\"https:\/\/schema.org\",\"@graph\":[{\"@type\":\"WebPage\",\"@id\":\"https:\/\/pesquisa.iephsl.org.br\/pesquisa-translacional\/\",\"url\":\"https:\/\/pesquisa.iephsl.org.br\/pesquisa-translacional\/\",\"name\":\"Pesquisa Translacional - Instituto de Ensino e Pesquisa\",\"isPartOf\":{\"@id\":\"https:\/\/pesquisa.iephsl.org.br\/#website\"},\"datePublished\":\"2024-05-23T17:44:09+00:00\",\"dateModified\":\"2025-06-30T17:27:57+00:00\",\"breadcrumb\":{\"@id\":\"https:\/\/pesquisa.iephsl.org.br\/pesquisa-translacional\/#breadcrumb\"},\"inLanguage\":\"en-US\",\"potentialAction\":[{\"@type\":\"ReadAction\",\"target\":[\"https:\/\/pesquisa.iephsl.org.br\/pesquisa-translacional\/\"]}]},{\"@type\":\"BreadcrumbList\",\"@id\":\"https:\/\/pesquisa.iephsl.org.br\/pesquisa-translacional\/#breadcrumb\",\"itemListElement\":[{\"@type\":\"ListItem\",\"position\":1,\"name\":\"Home\",\"item\":\"https:\/\/pesquisa.iephsl.org.br\/\"},{\"@type\":\"ListItem\",\"position\":2,\"name\":\"Pesquisa Translacional\"}]},{\"@type\":\"WebSite\",\"@id\":\"https:\/\/pesquisa.iephsl.org.br\/#website\",\"url\":\"https:\/\/pesquisa.iephsl.org.br\/\",\"name\":\"Instituto de Ensino e Pesquisa\",\"description\":\"Site de Ensino e Pesquisa do Hospital Sirio Libanes\",\"publisher\":{\"@id\":\"https:\/\/pesquisa.iephsl.org.br\/#organization\"},\"potentialAction\":[{\"@type\":\"SearchAction\",\"target\":{\"@type\":\"EntryPoint\",\"urlTemplate\":\"https:\/\/pesquisa.iephsl.org.br\/?s={search_term_string}\"},\"query-input\":{\"@type\":\"PropertyValueSpecification\",\"valueRequired\":true,\"valueName\":\"search_term_string\"}}],\"inLanguage\":\"en-US\"},{\"@type\":\"Organization\",\"@id\":\"https:\/\/pesquisa.iephsl.org.br\/#organization\",\"name\":\"Hospital Sirio Libanes\",\"url\":\"https:\/\/pesquisa.iephsl.org.br\/\",\"logo\":{\"@type\":\"ImageObject\",\"inLanguage\":\"en-US\",\"@id\":\"https:\/\/pesquisa.iephsl.org.br\/#\/schema\/logo\/image\/\",\"url\":\"https:\/\/pesquisa.iephsl.org.br\/wp-content\/uploads\/2024\/05\/Inscricoes-abertas-para-Residencia-para-o-Hospital-Sirio-Libanes-e1715890822753.jpg\",\"contentUrl\":\"https:\/\/pesquisa.iephsl.org.br\/wp-content\/uploads\/2024\/05\/Inscricoes-abertas-para-Residencia-para-o-Hospital-Sirio-Libanes-e1715890822753.jpg\",\"width\":752,\"height\":244,\"caption\":\"Hospital Sirio Libanes\"},\"image\":{\"@id\":\"https:\/\/pesquisa.iephsl.org.br\/#\/schema\/logo\/image\/\"}}]}<\/script>\n<!-- \/ Yoast SEO plugin. -->","yoast_head_json":{"title":"Pesquisa Translacional - Instituto de Ensino e Pesquisa","robots":{"index":"index","follow":"follow","max-snippet":"max-snippet:-1","max-image-preview":"max-image-preview:large","max-video-preview":"max-video-preview:-1"},"canonical":"https:\/\/pesquisa.iephsl.org.br\/en\/pesquisa-translacional\/","og_locale":"en_US","og_type":"article","og_title":"Pesquisa Translacional - Instituto de Ensino e Pesquisa","og_description":"A Sociedade Beneficente de Senhoras Hospital S\u00edrio-Liban\u00eas (HSL) \u00e9 uma institui\u00e7\u00e3o centen\u00e1ria que promove atividades integradas de assist\u00eancia \u00e0 sa\u00fade, ensino e pesquisa. Na Pesquisa Translacional nossa miss\u00e3o \u00e9 transformar conhecimento em cuidado. Priorizamos a pesquisa aplicada e a implementa\u00e7\u00e3o de novas tecnologias, com foco na melhoria da assist\u00eancia e na constru\u00e7\u00e3o de um sistema [&hellip;]","og_url":"https:\/\/pesquisa.iephsl.org.br\/en\/pesquisa-translacional\/","og_site_name":"Instituto de Ensino e Pesquisa","article_modified_time":"2025-06-30T17:27:57+00:00","twitter_card":"summary_large_image","twitter_misc":{"Est. reading time":"2 minutes"},"schema":{"@context":"https:\/\/schema.org","@graph":[{"@type":"WebPage","@id":"https:\/\/pesquisa.iephsl.org.br\/pesquisa-translacional\/","url":"https:\/\/pesquisa.iephsl.org.br\/pesquisa-translacional\/","name":"Pesquisa Translacional - Instituto de Ensino e Pesquisa","isPartOf":{"@id":"https:\/\/pesquisa.iephsl.org.br\/#website"},"datePublished":"2024-05-23T17:44:09+00:00","dateModified":"2025-06-30T17:27:57+00:00","breadcrumb":{"@id":"https:\/\/pesquisa.iephsl.org.br\/pesquisa-translacional\/#breadcrumb"},"inLanguage":"en-US","potentialAction":[{"@type":"ReadAction","target":["https:\/\/pesquisa.iephsl.org.br\/pesquisa-translacional\/"]}]},{"@type":"BreadcrumbList","@id":"https:\/\/pesquisa.iephsl.org.br\/pesquisa-translacional\/#breadcrumb","itemListElement":[{"@type":"ListItem","position":1,"name":"Home","item":"https:\/\/pesquisa.iephsl.org.br\/"},{"@type":"ListItem","position":2,"name":"Pesquisa Translacional"}]},{"@type":"WebSite","@id":"https:\/\/pesquisa.iephsl.org.br\/#website","url":"https:\/\/pesquisa.iephsl.org.br\/","name":"Instituto de Ensino e Pesquisa","description":"Site de Ensino e Pesquisa do Hospital Sirio Libanes","publisher":{"@id":"https:\/\/pesquisa.iephsl.org.br\/#organization"},"potentialAction":[{"@type":"SearchAction","target":{"@type":"EntryPoint","urlTemplate":"https:\/\/pesquisa.iephsl.org.br\/?s={search_term_string}"},"query-input":{"@type":"PropertyValueSpecification","valueRequired":true,"valueName":"search_term_string"}}],"inLanguage":"en-US"},{"@type":"Organization","@id":"https:\/\/pesquisa.iephsl.org.br\/#organization","name":"Hospital Sirio Libanes","url":"https:\/\/pesquisa.iephsl.org.br\/","logo":{"@type":"ImageObject","inLanguage":"en-US","@id":"https:\/\/pesquisa.iephsl.org.br\/#\/schema\/logo\/image\/","url":"https:\/\/pesquisa.iephsl.org.br\/wp-content\/uploads\/2024\/05\/Inscricoes-abertas-para-Residencia-para-o-Hospital-Sirio-Libanes-e1715890822753.jpg","contentUrl":"https:\/\/pesquisa.iephsl.org.br\/wp-content\/uploads\/2024\/05\/Inscricoes-abertas-para-Residencia-para-o-Hospital-Sirio-Libanes-e1715890822753.jpg","width":752,"height":244,"caption":"Hospital Sirio Libanes"},"image":{"@id":"https:\/\/pesquisa.iephsl.org.br\/#\/schema\/logo\/image\/"}}]}},"_links":{"self":[{"href":"https:\/\/pesquisa.iephsl.org.br\/en\/wp-json\/wp\/v2\/pages\/69","targetHints":{"allow":["GET"]}}],"collection":[{"href":"https:\/\/pesquisa.iephsl.org.br\/en\/wp-json\/wp\/v2\/pages"}],"about":[{"href":"https:\/\/pesquisa.iephsl.org.br\/en\/wp-json\/wp\/v2\/types\/page"}],"author":[{"embeddable":true,"href":"https:\/\/pesquisa.iephsl.org.br\/en\/wp-json\/wp\/v2\/users\/1"}],"replies":[{"embeddable":true,"href":"https:\/\/pesquisa.iephsl.org.br\/en\/wp-json\/wp\/v2\/comments?post=69"}],"version-history":[{"count":6,"href":"https:\/\/pesquisa.iephsl.org.br\/en\/wp-json\/wp\/v2\/pages\/69\/revisions"}],"predecessor-version":[{"id":526,"href":"https:\/\/pesquisa.iephsl.org.br\/en\/wp-json\/wp\/v2\/pages\/69\/revisions\/526"}],"wp:attachment":[{"href":"https:\/\/pesquisa.iephsl.org.br\/en\/wp-json\/wp\/v2\/media?parent=69"}],"curies":[{"name":"wp","href":"https:\/\/api.w.org\/{rel}","templated":true}]}}